{"id":7,"date":"2021-02-10T21:12:08","date_gmt":"2021-02-10T20:12:08","guid":{"rendered":"http:\/\/rehbau.seo.hn\/?page_id=7"},"modified":"2025-02-25T13:05:56","modified_gmt":"2025-02-25T12:05:56","slug":"start","status":"publish","type":"page","link":"https:\/\/mdt-gebaeudeservice.de\/entruempelung\/","title":{"rendered":"Start"},"content":{"rendered":"<div class=\"Start\">\n<div class=\"mainimage\">\n<h1><img decoding=\"async\" src=\"https:\/\/mdt-gebaeudeservice.de\/entruempelung\/wp-content\/uploads\/2025\/02\/Entruempelung.png\" alt=\"Haushaltsaufl\u00f6sung Esslingen (Neckar) - \u2197\ufe0fM.D.T. Geb\u00e4udeservice: \u2714\ufe0fWohnungsaufl\u00f6sung, Entr\u00fcmpelung, R\u00e4umung, Entsorgung\" \/><\/h1>\n<\/div>\n<div class=\"maincontent\">\n<p><strong>Haushaltsaufl\u00f6sung Esslingen (Neckar) &#8211; \u2197\ufe0fM.D.T. Geb\u00e4udeservice: \u2714\ufe0fWohnungsaufl\u00f6sung, R\u00e4umung, Entr\u00fcmpelung, Entsorgung. Sie haben nach \u2714\ufe0f Entr\u00fcmpelung, \u2714\ufe0f Haushaltsaufl\u00f6sung, \u2714\ufe0f Wohnungsaufl\u00f6sung, \u2714\ufe0f R\u00e4umung oder \u2714\ufe0f Entsorgung in Esslingen (Neckar) gesucht? \u27a1\ufe0f M.D.T. Geb\u00e4udeservice, Ihr Entr\u00fcmpeler &amp; Haushaltsaufl\u00f6ser. Ihr Erfolg ist unser Ziel \u2709.<\/strong><\/p>\n<p><!--more--><\/p>\n<\/div>\n<\/div>\n<p><img decoding=\"async\" src=\"https:\/\/mdt-gebaeudeservice.de\/entruempelung\/wp-content\/uploads\/2025\/02\/Entsorgung.png\" alt=\"Entr\u00fcmpelung &amp; Entsorgung f\u00fcr Esslingen (Neckar), Ostfildern, Kernen (Remstal), Denkendorf, Neuhausen (Fildern), K\u00f6ngen, Plochingen oder Altbach, Aichwald, Deizisau\" \/><\/p>\n<p><b><a href=\"\/entruempelung\/kontakt\/\">\u260e\ufe0f Kontaktieren Sie uns! <\/a><\/b><\/p>\n<p>&nbsp;<\/p>\n<h2>Professionelle Entr\u00fcmpelung &amp; fachgerechte Entsorgung f\u00fcr Esslingen (Neckar), Ostfildern, Kernen (Remstal), Denkendorf, Altbach, Aichwald, Deizisau und Neuhausen (Fildern), K\u00f6ngen, Plochingen.<\/h2>\n<div class=\"Leistungen\">\n<div>\n<p><img decoding=\"async\" src=\"https:\/\/mdt-gebaeudeservice.de\/entruempelung\/wp-content\/uploads\/2025\/02\/Recycling-Entsorgung.png\" alt=\"Recycling Entsorgung in 73728 Esslingen (Neckar)\" \/><\/p>\n<h3>Fachgerechte Entsorgung &amp; Recycling<\/h3>\n<p>Wir trennen, recyceln &amp; entsorgen alle Materialien umweltgerecht.<\/p>\n<\/div>\n<div>\n<p><img decoding=\"async\" src=\"https:\/\/mdt-gebaeudeservice.de\/entruempelung\/wp-content\/uploads\/2025\/02\/Haushaltsaufloesung.png\" alt=\"Haushaltsaufloesung f\u00fcr Esslingen (Neckar)\" \/><\/p>\n<h3>Stressfreie Haushaltsaufl\u00f6sungen von erfahrenen Fachleuten.<\/h3>\n<p>Wir k\u00fcmmern uns darum, dass du dich entspannt zur\u00fccklehnen kannst.<\/p>\n<\/div>\n<div>\n<p><img decoding=\"async\" src=\"https:\/\/mdt-gebaeudeservice.de\/entruempelung\/wp-content\/uploads\/2025\/02\/Entsorgung-Raeumung.png\" alt=\"Entsorgung R\u00e4umung \" \/><\/p>\n<h3>Schnelle &amp; diskrete Gesch\u00e4ftsaufl\u00f6sung.<\/h3>\n<p>Wir sorgen f\u00fcr eine reibungslose &amp; z\u00fcgige R\u00e4umung deiner Gesch\u00e4ftsr\u00e4ume.<\/p>\n<\/div>\n<\/div>\n<div class=\"Leistungen\">\n<div>\n<p><img decoding=\"async\" src=\"https:\/\/mdt-gebaeudeservice.de\/entruempelung\/wp-content\/uploads\/2025\/02\/Entruempelungsfirma.png\" alt=\"Entruempelungsfirma f\u00fcr Esslingen (Neckar)\" \/><\/p>\n<h3>Vertraue auf unser Fachwissen &amp; eine reibungslose Durchf\u00fchrung.<\/h3>\n<p>Unsere Erfahrung macht den Unterschied \u2013 wir wissen, worauf es ankommt.<\/p>\n<\/div>\n<div>\n<p><img decoding=\"async\" src=\"https:\/\/mdt-gebaeudeservice.de\/entruempelung\/wp-content\/uploads\/2025\/02\/Wohnungsaufloesung.png\" alt=\"Wohnungsaufloesung in Esslingen (Neckar)\" \/><\/p>\n<h3>Flexibel &amp; l\u00f6sungsorientiert f\u00fcr dein Anliegen.<\/h3>\n<p>Unsere Flexibilit\u00e4t erm\u00f6glicht dir eine sorgenfreie Entr\u00fcmpelung.<\/p>\n<\/div>\n<div>\n<p><img decoding=\"async\" src=\"https:\/\/mdt-gebaeudeservice.de\/entruempelung\/wp-content\/uploads\/2025\/02\/Messiwohnung.png\" alt=\"Messiwohnung \" \/><\/p>\n<h3>Kurzfristige Entr\u00fcmpelung mit maximaler Effizienz.<\/h3>\n<p>Ob Privatperson oder Unternehmen \u2013 wir bieten ma\u00dfgeschneiderte L\u00f6sungen.<\/p>\n<\/div>\n<\/div>\n<h2>M.D.T. Geb\u00e4udeservice \u2013 Ihre L\u00f6sung f\u00fcr Haushalts- und Gesch\u00e4ftsaufl\u00f6sungen in Esslingen (Neckar)<\/h2>\n<p>Ob privat oder gewerblich \u2013 wir \u00fcbernehmen Ihre Entr\u00fcmpelung professionell und termingerecht. Wir sorgen f\u00fcr eine stressfreie Abwicklung und eine umweltgerechte Entsorgung. Wo lagert man Gegenst\u00e4nde, die nicht mehr gebraucht werden?. Mit unserer Erfahrung gew\u00e4hrleisten wir eine effektive Entr\u00fcmpelung.<\/p>\n<p>Daher \u00fcbernehmen wir alle Aufgaben \u2013 von der Organisation bis zur umweltgerechten Entsorgung. Wir achten darauf, Abfall zu minimieren und wertvolle Ressourcen zu erhalten. Wir garantieren eine termingerechte Umsetzung mit individuellen L\u00f6sungen f\u00fcr jeden Kunden. Vertrauen Sie auf unsere bew\u00e4hrten Dienstleistungen und profitieren Sie von unserer Effizienz.<\/p>\n<h2>Vorher \/ Nachher<\/h2>\n<div id=\"twenty20-1\" class=\"twenty20\" style=\"width: 100% !important; clear: both;\"><div class=\"twentytwenty-container twenty20-1 \"><img decoding=\"async\" src=\"https:\/\/mdt-gebaeudeservice.de\/entruempelung\/wp-content\/uploads\/2025\/02\/13241419_1693522234245260_3479660718295889573_n.jpg\" alt=\"Before image\" \/><img decoding=\"async\" src=\"https:\/\/mdt-gebaeudeservice.de\/entruempelung\/wp-content\/uploads\/2025\/02\/13256226_1693522247578592_8635809215401274877_n.jpg\" alt=\"After image\" \/><\/div><\/div>\n<div id=\"twenty20-2\" class=\"twenty20\" style=\"width: 100% !important; clear: both;\"><div class=\"twentytwenty-container twenty20-2 \"><img decoding=\"async\" src=\"https:\/\/mdt-gebaeudeservice.de\/entruempelung\/wp-content\/uploads\/2025\/02\/13255983_1693522264245257_1795381735364184236_n.jpg\" alt=\"Before image\" \/><img decoding=\"async\" src=\"https:\/\/mdt-gebaeudeservice.de\/entruempelung\/wp-content\/uploads\/2025\/02\/13241123_1693522274245256_127383438595869807_n.jpg\" alt=\"After image\" \/><\/div><\/div>\n<div id=\"twenty20-3\" class=\"twenty20\" style=\"width: 100% !important; clear: both;\"><div class=\"twentytwenty-container twenty20-3 \"><img decoding=\"async\" src=\"https:\/\/mdt-gebaeudeservice.de\/entruempelung\/wp-content\/uploads\/2025\/02\/13220831_1693522314245252_7426838913551855204_n.jpg\" alt=\"Before image\" \/><img decoding=\"async\" src=\"https:\/\/mdt-gebaeudeservice.de\/entruempelung\/wp-content\/uploads\/2025\/02\/13241334_1693522317578585_5001376357787234181_n.jpg\" alt=\"After image\" \/><\/div><\/div>\n<p><strong>Wir freuen uns darauf, Sie zu unterst\u00fctzen und Ihre Entr\u00fcmpelung professionell zu erledigen f\u00fcr Esslingen (Neckar) &#8211; Serach, Sirnau, Sulzgries, Berkheim, Pliensauvorstadt, R\u00fcdern und W\u00e4ldenbronn, Weil, Wiflingshausen.<\/strong><\/p>\n<blockquote><p><b><a href=\"\/entruempelung\/kontakt\/\">\u260e\ufe0f Schreiben Sie uns.<\/a><\/b><\/p><\/blockquote>\n<p>&nbsp;<\/p>\n<div class=\"info-container\">\n<div class=\"info-buttons\"><button class=\"infolink active\">M.D.T. Geb\u00e4udeservice<\/button><br \/>\n<button class=\"infolink\">Ihr Entr\u00fcmpeler &amp; Haushaltsaufl\u00f6ser<\/button><br \/>\n<button class=\"infolink\">in Esslingen (Neckar)<\/button><\/div>\n<div id=\"Info1\" class=\"info-content active\">\n\n<\/p>\n<h2>Verlassen Sie sich auf M.D.T. Geb\u00e4udeservice, Ihren Entr\u00fcmpeler &amp; Haushaltsaufl\u00f6ser in Haushaltsaufl\u00f6sung f\u00fcr Esslingen (Neckar), Baden-W\u00fcrttemberg, wenn es um unvergleichliche Leistungen geht.<\/h2>\n<p>\n<ul>\n<li><a href=\"#Entsorgung\">Entsorgung<\/a><\/li>\n<li><a href=\"#Entr\u00fcmpelung\">Entr\u00fcmpelung<\/a><\/li>\n<li><a href=\"#R\u00e4umung\">R\u00e4umung<\/a><\/li>\n<li><a href=\"#Wohnungsaufl\u00f6sung\">Wohnungsaufl\u00f6sung<\/a><\/li>\n<\/ul>\n<\/p>\n<p><b>Haushaltsaufl\u00f6sungen in Esslingen (Neckar) und Serach, Sirnau, Sulzgries, W\u00e4ldenbronn, Weil, Wiflingshausen und Berkheim, Pliensauvorstadt, R\u00fcdern?<\/b><\/p>\n<p>\n<\/p>\n<h4>M.D.T. Geb\u00e4udeservice, Ihr Entr\u00fcmpeler &amp; Haushaltsaufl\u00f6ser aus 73728 Esslingen (Neckar) &#8211; Serach, Sirnau, Sulzgries, W\u00e4ldenbronn, Weil, Wiflingshausen oder Berkheim, Pliensauvorstadt, R\u00fcdern f\u00fcr Haushaltsaufl\u00f6sungen und Reinigungsfirma oder Entr\u00fcmpelung und Entr\u00fcmpelungsfirma.<\/h4>\n<p>\n\n<h2>Auf der Suche nach Haushaltsaufl\u00f6sung f\u00fcr Esslingen (Neckar), Neuhausen (Fildern), K\u00f6ngen, Plochingen, Ostfildern, Kernen (Remstal), Denkendorf ebenso wie Altbach, Aichwald, Deizisau? M.D.T. Geb\u00e4udeservice ist der allerbeste Entr\u00fcmpeler &amp; Haushaltsaufl\u00f6ser f\u00fcr Haushaltsaufl\u00f6sung.<\/h2>\n<ol>\n<li>R\u00e4umungen, Messi Haushaltsr\u00e4umung f\u00fcr Esslingen (Neckar), Ostfildern, Kernen (Remstal), Denkendorf, Altbach, Aichwald, Deizisau ebenso wie Neuhausen (Fildern), K\u00f6ngen, Plochingen<\/li>\n<li>Entsorgung, Gesch\u00e4ftsaufl\u00f6sung<\/li>\n<li>G\u00fcnstige Haushaltsaufl\u00f6sungen, Reinigungsfirma Baden-W\u00fcrttemberg<\/li>\n<li>Wohnungsaufl\u00f6sungen, Endreinigung in 73728 Esslingen (Neckar), ma\u00dfgeschneidert f\u00fcr Sie<\/li>\n<li>Luxus Entr\u00fcmpelungen, Entr\u00fcmpelungsfirma, die sich von der Masse abheben<\/li>\n<\/ol>\n<p>Wir offerieren Ihnen bei jedem Haushaltsaufl\u00f6sung als fachkundige Entr\u00fcmpeler &amp; Haushaltsaufl\u00f6ser eine umfangreiche Reihe f\u00fcr Haushaltsaufl\u00f6sungen aus Esslingen (Neckar), Neuhausen (Fildern), K\u00f6ngen, Plochingen, Ostfildern, Kernen (Remstal), Denkendorf oder Altbach, Aichwald, Deizisau. Sind Sie auf der Suche nach pers\u00f6nlichen Haushaltsaufl\u00f6sungen? In diesem Fall werden Sie bei unserem Betrieb f\u00fcndig. Wir fabrizieren unser Haushaltsaufl\u00f6sung nach Ihren W\u00fcnschen. Sie m\u00fcssen uns als Entr\u00fcmpeler &amp; Haushaltsaufl\u00f6ser ausschlie\u00dflich mitteilen, welche Sonderw\u00fcnsche unser Haushaltsaufl\u00f6sung bei Ihnen erf\u00fcllen soll.<\/p>\n<h3>Preiswerte Haushaltsaufl\u00f6sungen aus Esslingen (Neckar) Berkheim, Pliensauvorstadt, R\u00fcdern, W\u00e4ldenbronn, Weil, Wiflingshausen wie auch  Serach, Sirnau, Sulzgries -Entscheiden Sie sich f\u00fcr uns<\/h3>\n<p>Genauso f\u00fcr 73728 Esslingen (Neckar), Neuhausen (Fildern), K\u00f6ngen, Plochingen, Ostfildern, Kernen (Remstal), Denkendorf und Altbach, Aichwald, Deizisau der Haushaltsaufl\u00f6sung anbietet? Hierbei sind Sie bei uns an der richtigen Adresse, denn abgesehen von Haushaltsaufl\u00f6sungen sind wir genauso an Ihrer Seite, sofern es um Entr\u00fcmpelung, Wohnungsaufl\u00f6sung, R\u00e4umung und Entsorgung geht. Um Sie bei jedem Auftrag nachhaltig zu begeistern, werden wir alles daran setzen.<\/p>\n\n<p><a name=\"Entsorgung\"><\/a><\/p>\n<h2>Entsorgung: Gestaltung im Auge des Betrachters.<\/h2>\n<br \/>\n\n<h2>Bezahlbare Entsorgung, Gesch\u00e4ftsaufl\u00f6sung, Betriebsaufl\u00f6sungen, Abtransport &amp; Reinigung in in Esslingen (Neckar) gesucht? Ebenso f\u00fcr Abtransport &amp; Reinigung, Betriebsaufl\u00f6sungen und Gesch\u00e4ftsaufl\u00f6sung sind wir Ihr Profi<\/h2>\n\n\n<p>Eines der besten Produkte der Entsorgungen Reihe, die sie in Gesch\u00e4ften erstehen werden, als solches ist Entsorgung und Abtransport &amp; Reinigung, Betriebsaufl\u00f6sungen und Gesch\u00e4ftsaufl\u00f6sung einzigartig. Extrem froh werden Sie sein. Sie werden \u00fcberrascht sein, falls Sie sich f\u00fcr dieses Fabrikat entscheiden.<\/p>\n<p><\/p>\n<\/p>\n<h3>Wir sind Ihr Anbieter f\u00fcr praktische Entsorgung, Gesch\u00e4ftsaufl\u00f6sung, Abtransport &amp; Reinigung, Betriebsaufl\u00f6sungen .<\/h3>\n<p>\n\n<p>Entsorgungen in allerbester Beschaffenheit &#8211; brauchen Sie sich das? Entsorgung, Betriebsaufl\u00f6sungen, Abtransport &amp; Reinigung oder Gesch\u00e4ftsaufl\u00f6sung wird Ihnen in unserer Firma in stabiler und qualitativ toller Abarbeitung geboten. Unsere Entsorgungen, die nicht allein visuell sympathisch geformt sind, sind ebenfalls ausgezeichnet gemacht.<\/p>\n<p><br \/>\n<a name=\"Entr\u00fcmpelung\"><\/a><\/p>\n<h2>Entr\u00fcmpelungen aus Esslingen (Neckar), ganz nach Ihren eigenen W\u00fcnschen.<\/h2>\n<\/p>\n<p>\n\n<h3>Bezahlbare Entr\u00fcmpelung und Professionelle Haushaltsaufl\u00f6sung, Entr\u00fcmpelungsfirma und Haushaltsaufl\u00f6sungen &amp; Entr\u00fcmpelungen gesucht? Ebenso f\u00fcr Entr\u00fcmpelungsfirma, Professionelle Haushaltsaufl\u00f6sung und Haushaltsaufl\u00f6sungen &amp; Entr\u00fcmpelungen sind wir Ihr Fachmann<\/h3>\n<\/p>\n<ol>\n<li>Entr\u00fcmpelung und Professionelle Haushaltsaufl\u00f6sung, Entr\u00fcmpelungsfirma ebenso wie Haushaltsaufl\u00f6sungen &amp; Entr\u00fcmpelungen<\/li>\n<li>Entr\u00fcmpelungsfirma<\/li>\n<li>Professionelle Haushaltsaufl\u00f6sung ES<\/li>\n<li>Haushaltsaufl\u00f6sungen &amp; Entr\u00fcmpelungen besonderes<\/li>\n<\/ol>\n<p>\n<\/p>\n<p>Sehr perfekte Dienstleistungen? <tt>Entr\u00fcmpelung und Haushaltsaufl\u00f6sungen &amp; Entr\u00fcmpelungen wie auch Entr\u00fcmpelungsfirma, Professionelle Haushaltsaufl\u00f6sung<\/tt> ist so ein Fabrikat, zu dem Sie keine Services mit besseren Eigenschaften entdecken werden. Da die Services der Entr\u00fcmpelungen Serie die allerbesten Argumente haben, haben weitere Betriebe und Lieferanten bei Firmenkunden vielmals sehr viel weniger Wege.<\/p>\n<p>\n<\/p>\n<h2>Entr\u00fcmpelung und Haushaltsaufl\u00f6sungen &amp; Entr\u00fcmpelungen und Professionelle Haushaltsaufl\u00f6sung, Entr\u00fcmpelungsfirma, visuell ansprechendes Design aus Esslingen (Neckar).<\/h2>\n<p>\n<\/p>\n<p>An ein <tt>Entr\u00fcmpelung, Entr\u00fcmpelungsfirma, Professionelle Haushaltsaufl\u00f6sung, Haushaltsaufl\u00f6sungen &amp; Entr\u00fcmpelungen<\/tt> haben Sie individuelle Erwartungen? Als innovativer Entr\u00fcmpeler &amp; Haushaltsaufl\u00f6ser bieten wir Ihnen Services nach Ihren individuellen Vorstellungen an. Ihre W\u00fcnsche wegen <dfn>Entr\u00fcmpelung und Professionelle Haushaltsaufl\u00f6sung, Entr\u00fcmpelungsfirma und Haushaltsaufl\u00f6sungen &amp; Entr\u00fcmpelungen<\/dfn> gehen bei uns bez\u00fcglich <dfn>Entr\u00fcmpelung und Professionelle Haushaltsaufl\u00f6sung, Entr\u00fcmpelungsfirma wie auch Haushaltsaufl\u00f6sungen &amp; Entr\u00fcmpelungen<\/dfn> in Erf\u00fcllung. Nach Ihrer eigenen Ideen an <b>Entr\u00fcmpelung, Professionelle Haushaltsaufl\u00f6sung, Entr\u00fcmpelungsfirma, Haushaltsaufl\u00f6sungen &amp; Entr\u00fcmpelungen<\/b> k\u00f6nnen wir Ihnen Entr\u00fcmpelungen fertigen, die ganz genau diesen Wunsch treffen.<\/p>\n<p>\n<p><a name=\"R\u00e4umung\"><\/a><\/p>\n<h2>R\u00e4umung: Wir sind das Unternehmen f\u00fcr hohe Anspr\u00fcche!<\/h2>\n\n\n<h2>R\u00e4umung und Haushaltsaufl\u00f6sung in Esslingen (Neckar) gesucht? M.D.T. Geb\u00e4udeservice ist Ihr Experte f\u00fcr R\u00e4umungen, Haushaltsaufl\u00f6sungen sowie Wohnungsaufl\u00f6sung<\/h2>\n<\/p>\n<ul>\n<li>Wohnung entr\u00fcmpeln<\/li>\n<li>Messiewohnungen<\/li>\n<li>Messi Haushaltsr\u00e4umung aus 73728 Esslingen (Neckar),<\/li>\n<li>R\u00e4umung, Messi Haushaltsr\u00e4umung, Messiewohnungen, Wohnung entr\u00fcmpeln<\/li>\n<\/ul>\n<p>\n<\/p>\n<p>Genau passen sollte zu Ihnen eine <em>R\u00e4umung<\/em>, Messiewohnungen, Messi Haushaltsr\u00e4umung und Wohnung entr\u00fcmpeln! Wir realisieren Ihnen gerne f\u00fcr Ihre Anfrage ein individuelles Warenangebot zu unseren R\u00e4umungen. Keine Pauschalpreise und versteckte Kosten. R\u00e4umungen vollkommen auf Sie zugeschnitten kriegen Sie binnen weniger Tage unser Warenangebot per Email oder auf Traum per Post zugesendet.<\/p>\n<p>\n<\/p>\n<h3>R\u00e4umungen, wir offerieren Spezialanfertigungen in Esslingen (Neckar)<\/h3>\n<p>\n<\/p>\n<p>Nach Ihren Ideen ma\u00dfgefertigt? So offerieren wir Ihnen au\u00dferdem unser R\u00e4umung und Messiewohnungen, Messi Haushaltsr\u00e4umung wie auch Wohnung entr\u00fcmpeln als perfekte Erg\u00e4nzung an. Mit jedem weiteren Haushaltsaufl\u00f6sung unserer Serie lassen sich unsre R\u00e4umungen verbinden. Unsre von fachkundigen Entr\u00fcmpeler &amp; Haushaltsaufl\u00f6sern ungemein gewissenhaft entwickelten R\u00e4umungen sind \u00fcberaus stabil. Noch facettenreicher k\u00f6nnen Sie unsre Artikel noch verschiedenartiger benutzen.<\/p>\n<p>\n<p><a name=\"Wohnungsaufl\u00f6sung\"><\/a><\/p>\n<h2>Die passende Wohnungsaufl\u00f6sung, Entr\u00fcmpelungsdienste oder Umz\u00fcge &amp; Renovierung, Endreinigung<\/h2>\n<\/p>\n<ul>\n<li>Wohnungsaufl\u00f6sungen f\u00fcr Esslingen (Neckar), W\u00e4ldenbronn, Weil, Wiflingshausen, Serach, Sirnau, Sulzgries oder Berkheim, Pliensauvorstadt, R\u00fcdern<\/li>\n<li>Entr\u00fcmpelungsdienste<\/li>\n<li>Preiswerte Umz\u00fcge &amp; Renovierung<\/li>\n<li>Wohnungsaufl\u00f6sung und Entr\u00fcmpelungsdienste oder Umz\u00fcge &amp; Renovierung, Endreinigung<\/li>\n<li>Einmalige Endreinigung<\/li>\n<\/ul>\n<p>\n\n<h2>G\u00fcnstige Wohnungsaufl\u00f6sung, Entr\u00fcmpelungsdienste, Endreinigung, Umz\u00fcge &amp; Renovierung in gesucht? Ebenfalls f\u00fcr Umz\u00fcge &amp; Renovierung, Endreinigung und Entr\u00fcmpelungsdienste sind wir Ihr Fachmann<\/h2>\n<br \/>\n\n<\/p>\n<p>Ganz ganz gleich ob Sie in erster Linie eine breit gef\u00e4cherte Beratung zum Thema brauchen, ebenso wie Sie bereits gewisse Ideen haben und also nur ein konkretes Warenangebot verlangen wollen. Wir stehen Ihnen mit Vergn\u00fcgen mit all unserem Wissen zur Seite, sodass Ihre Suche nach einem tollen Anbieter f\u00fcr <u>Wohnungsaufl\u00f6sung<\/u> ein Ende findet.<\/p>\n<p>\n<\/p>\n<h2>Wohnungsaufl\u00f6sungen , wir offerieren verschiedenartige Versionen<\/h2>\n<p>\n\n<\/div>\n<div id=\"Info3\" class=\"info-content\">\n<p><strong> Esslingen (Neckar)er Entr\u00fcmpeler &amp; Haushaltsaufl\u00f6ser aus dem Vorwahlbereich 0711 gesucht?<\/strong><\/p>\n<p>M\u00f6chten Sie mehr \u00fcber uns wissen? &#8211; Kontaktieren Sie uns telefonisch direkt in Esslingen (Neckar) &#8211; <strong>Telefon: 0711 226-614<\/strong><\/p>\n<p><b>Unsere Angebote f\u00fcr Esslingen (Neckar) (Baden-W\u00fcrttemberg)<\/b><\/p>\n<\/p>\n<ul>\n<li style=\"list-style-type: none;\">\n<ul>\n<li>R\u00e4umung im Gro\u00dfraum 73728, 73733, 73730, 73734, 73732 \/<\/li>\n<\/ul>\n<\/li>\n<\/ul>\n<p>\n<ul>\n<li style=\"list-style-type: none;\">\n<ul>\n<li>Haushaltsaufl\u00f6sung f\u00fcr Esslingen (Neckar), Altbach, Aichwald, Deizisau, Ostfildern, Kernen (Remstal), Denkendorf oder Neuhausen (Fildern), K\u00f6ngen, Plochingen<\/li>\n<li>Entr\u00fcmpelung in Esslingen (Neckar) &#8211; Berkheim, Pliensauvorstadt, R\u00fcdern, Serach, Sirnau, Sulzgries oder W\u00e4ldenbronn, Weil, Wiflingshausen<\/li>\n<\/ul>\n<\/li>\n<\/ul>\n<\/p>\n<ul>\n<li style=\"list-style-type: none;\">\n<ul>\n<li>Entsorgung ES<\/li>\n<\/ul>\n<\/li>\n<\/ul>\n<p>\n<ul>\n<li>Haushaltsaufl\u00f6sungen f\u00fcr 73728 Esslingen (Neckar) Pliensauvorstadt, Kemienburg, Zollberg, Neckarhalde, Serach, Wiflingshausen, W\u00e4ldenbronn, Kennenburg, Krummenacker, Obertal, Berkheim, Hegensberg, Liebersbronn, Sulzgries, Oberesslingen, Weil, Mettingen, Br\u00fchl, Sirnau, R\u00fcdern, Oberdorf, Kimmichsweiler, Zell<\/li>\n<li>Wohnungsaufl\u00f6sung in Baden-W\u00fcrttemberg<\/li>\n<\/ul>\n<\/p>\n<h5>Bester Profi Esslingen (Neckar)s f\u00fcr Entr\u00fcmpelung und Haushaltsaufl\u00f6sung gesucht?<\/h5>\n<p>In diesen PLZ Bereichen arbeiten wir: 73728, 73733, 73730, 73734, 73732 \/ . Weitere Informationen \u00fcber diese Stadt finden Sie hier: https:\/\/de.wikipedia.org\/wiki\/Esslingen_am_Neckar. Postleitzahl: 73728 und die Vorwahl: 0711 hat Esslingen (Neckar) in Baden-W\u00fcrttemberg. Das amtliche Kennnzeichen ist: ES. Ungef\u00e4hr 91.271 Leute leben in dieser Stadt. Wenn Sie hier den besten Anbieter f\u00fcr Haushaltsaufl\u00f6sung oder Entr\u00fcmpelung gegoogelt haben, dann sind Sie bei uns richtig.<\/p>\n<p>\n<\/div>\n<\/div>\n","protected":false},"excerpt":{"rendered":"<p>Haushaltsaufl\u00f6sung Esslingen (Neckar) &#8211; \u2197\ufe0fM.D.T. Geb\u00e4udeservice: \u2714\ufe0fWohnungsaufl\u00f6sung, R\u00e4umung, Entr\u00fcmpelung, Entsorgung. Sie haben nach \u2714\ufe0f Entr\u00fcmpelung, \u2714\ufe0f Haushaltsaufl\u00f6sung, \u2714\ufe0f Wohnungsaufl\u00f6sung, \u2714\ufe0f R\u00e4umung oder \u2714\ufe0f Entsorgung in Esslingen (Neckar) gesucht? \u27a1\ufe0f M.D.T. Geb\u00e4udeservice, Ihr Entr\u00fcmpeler &amp; Haushaltsaufl\u00f6ser. Ihr Erfolg ist unser Ziel \u2709.<\/p>\n","protected":false},"author":1,"featured_media":0,"parent":0,"menu_order":0,"comment_status":"closed","ping_status":"closed","template":"","meta":{"neve_meta_sidebar":"","neve_meta_container":"","neve_meta_enable_content_width":"off","neve_meta_content_width":100,"neve_meta_title_alignment":"","neve_meta_author_avatar":"","neve_post_elements_order":"","neve_meta_disable_header":"","neve_meta_disable_footer":"","neve_meta_disable_title":"","neve_meta_reading_time":"","footnotes":""},"class_list":["post-7","page","type-page","status-publish","hentry"],"aioseo_notices":[],"_links":{"self":[{"href":"https:\/\/mdt-gebaeudeservice.de\/entruempelung\/wp-json\/wp\/v2\/pages\/7","targetHints":{"allow":["GET"]}}],"collection":[{"href":"https:\/\/mdt-gebaeudeservice.de\/entruempelung\/wp-json\/wp\/v2\/pages"}],"about":[{"href":"https:\/\/mdt-gebaeudeservice.de\/entruempelung\/wp-json\/wp\/v2\/types\/page"}],"author":[{"embeddable":true,"href":"https:\/\/mdt-gebaeudeservice.de\/entruempelung\/wp-json\/wp\/v2\/users\/1"}],"replies":[{"embeddable":true,"href":"https:\/\/mdt-gebaeudeservice.de\/entruempelung\/wp-json\/wp\/v2\/comments?post=7"}],"version-history":[{"count":5,"href":"https:\/\/mdt-gebaeudeservice.de\/entruempelung\/wp-json\/wp\/v2\/pages\/7\/revisions"}],"predecessor-version":[{"id":1240,"href":"https:\/\/mdt-gebaeudeservice.de\/entruempelung\/wp-json\/wp\/v2\/pages\/7\/revisions\/1240"}],"wp:attachment":[{"href":"https:\/\/mdt-gebaeudeservice.de\/entruempelung\/wp-json\/wp\/v2\/media?parent=7"}],"curies":[{"name":"wp","href":"https:\/\/api.w.org\/{rel}","templated":true}]}}