{"id":139,"date":"2025-02-21T11:00:18","date_gmt":"2025-02-21T10:00:18","guid":{"rendered":"https:\/\/mdt-gebaeudeservice.de\/entruempelung\/?page_id=139"},"modified":"2025-02-21T11:00:18","modified_gmt":"2025-02-21T10:00:18","slug":"leistungen","status":"publish","type":"page","link":"https:\/\/mdt-gebaeudeservice.de\/entruempelung\/leistungen\/","title":{"rendered":"Leistungen"},"content":{"rendered":"<h1 data-start=\"0\" data-end=\"154\">Unsere Leistungen<\/h1>\n<p data-start=\"0\" data-end=\"154\"><strong data-start=\"0\" data-end=\"154\">M.D.T Geb\u00e4udeservice \u2013 Ihr zuverl\u00e4ssiger Partner f\u00fcr umfassende Geb\u00e4udepflege, Facilitymanagement und professionelle Entr\u00fcmpelung &amp; Haushaltsaufl\u00f6sung<\/strong><\/p>\n<p data-start=\"156\" data-end=\"555\">Willkommen bei M.D.T Geb\u00e4udeservice \u2013 Ihrem kompetenten und zuverl\u00e4ssigen Partner f\u00fcr professionelle Geb\u00e4udereinigung, umfassendes Facilitymanagement und spezialisierte Dienstleistungen rund um Entr\u00fcmpelung und Haushaltsaufl\u00f6sung. Unser Ziel ist es, Ihnen mit ma\u00dfgeschneiderten L\u00f6sungen, modernster Technik und umweltfreundlichen Reinigungsmethoden h\u00f6chste Qualit\u00e4t und Werterhaltung zu garantieren.<\/p>\n<p data-start=\"557\" data-end=\"920\">Unser besonderes Augenmerk liegt auf <strong data-start=\"594\" data-end=\"631\">Entr\u00fcmpelung &amp; Haushaltsaufl\u00f6sung<\/strong> \u2013 einem sensiblen Bereich, bei dem Diskretion, Effizienz und Sorgfalt oberste Priorit\u00e4t haben. Wir wissen um die Herausforderungen und emotionalen Belastungen, die mit einer Haushaltsaufl\u00f6sung verbunden sein k\u00f6nnen, und stehen Ihnen als einf\u00fchlsamer und professioneller Partner zur Seite.<\/p>\n<hr data-start=\"922\" data-end=\"925\" \/>\n<h2 data-start=\"927\" data-end=\"1006\"><strong data-start=\"930\" data-end=\"1006\">Entr\u00fcmpelung &amp; Haushaltsaufl\u00f6sung \u2013 Diskret, professionell und umfassend<\/strong><\/h2>\n<h3 data-start=\"1008\" data-end=\"1045\"><strong data-start=\"1012\" data-end=\"1045\">Ihre Sorgen \u2013 Unsere L\u00f6sungen<\/strong><\/h3>\n<p data-start=\"1046\" data-end=\"1409\">Ob nach einem Umzug, einer Zwangsr\u00e4umung, einem Todesfall oder einfach, um wieder Platz zu schaffen \u2013 eine Entr\u00fcmpelung oder Haushaltsaufl\u00f6sung erfordert Zeit, Organisation und Kraft. Wir wissen, dass solche Aufgaben oft mit emotionalem Ballast verbunden sind. Deshalb legen wir besonderen Wert auf eine <strong data-start=\"1350\" data-end=\"1408\">diskrete, respektvolle und professionelle Durchf\u00fchrung<\/strong>.<\/p>\n<h3 data-start=\"1411\" data-end=\"1451\"><strong data-start=\"1415\" data-end=\"1451\">Unser Leistungsumfang im Detail:<\/strong><\/h3>\n<ul data-start=\"1452\" data-end=\"3541\">\n<li data-start=\"1452\" data-end=\"1746\">\n<p data-start=\"1454\" data-end=\"1746\"><strong data-start=\"1454\" data-end=\"1494\">Kostenlose Besichtigung und Beratung<\/strong><br data-start=\"1494\" data-end=\"1497\" \/>Bevor wir mit der Entr\u00fcmpelung beginnen, f\u00fchren wir eine <strong data-start=\"1556\" data-end=\"1583\">kostenlose Besichtigung<\/strong> durch. Hierbei erfassen wir den Umfang der Arbeiten, kl\u00e4ren offene Fragen und erstellen ein transparentes, <strong data-start=\"1691\" data-end=\"1716\">individuelles Angebot<\/strong> \u2013 <strong data-start=\"1719\" data-end=\"1745\">ohne versteckte Kosten<\/strong>.<\/p>\n<\/li>\n<li data-start=\"1748\" data-end=\"2040\">\n<p data-start=\"1750\" data-end=\"2040\"><strong data-start=\"1750\" data-end=\"1811\">Entr\u00fcmpelung von Wohnungen, H\u00e4usern und Gewerbeimmobilien<\/strong><br data-start=\"1811\" data-end=\"1814\" \/>Egal ob Einzimmerwohnung, Einfamilienhaus, Mehrfamilienhaus oder Gewerbeobjekt \u2013 wir \u00fcbernehmen jede Art von Entr\u00fcmpelung. Unser Team arbeitet effizient und diskret, um Ihre Immobilie schnellstm\u00f6glich besenrein zu \u00fcbergeben.<\/p>\n<\/li>\n<li data-start=\"2042\" data-end=\"2451\">\n<p data-start=\"2044\" data-end=\"2451\"><strong data-start=\"2044\" data-end=\"2106\">Haushaltsaufl\u00f6sung bei Umzug, Todesfall oder Zwangsr\u00e4umung<\/strong><br data-start=\"2106\" data-end=\"2109\" \/>Wir wissen, dass insbesondere bei Haushaltsaufl\u00f6sungen nach einem Todesfall ein sensibler Umgang erforderlich ist. Unser erfahrenes Team geht mit <strong data-start=\"2257\" data-end=\"2279\">gr\u00f6\u00dfter Diskretion<\/strong> und <strong data-start=\"2284\" data-end=\"2307\">Einf\u00fchlungsverm\u00f6gen<\/strong> vor und \u00fcbernimmt die vollst\u00e4ndige Aufl\u00f6sung des Haushalts, einschlie\u00dflich <strong data-start=\"2383\" data-end=\"2397\">Sortierung<\/strong>, <strong data-start=\"2399\" data-end=\"2413\">Verpackung<\/strong>, <strong data-start=\"2415\" data-end=\"2429\">Entsorgung<\/strong> und <strong data-start=\"2434\" data-end=\"2450\">Endreinigung<\/strong>.<\/p>\n<\/li>\n<li data-start=\"2453\" data-end=\"2719\">\n<p data-start=\"2455\" data-end=\"2719\"><strong data-start=\"2455\" data-end=\"2502\">Keller-, Dachboden- und Garagenentr\u00fcmpelung<\/strong><br data-start=\"2502\" data-end=\"2505\" \/>Verstaubte Dachb\u00f6den, vollgestellte Keller oder \u00fcberf\u00fcllte Garagen \u2013 wir schaffen <strong data-start=\"2589\" data-end=\"2610\">Platz und Ordnung<\/strong>. Unsere Mitarbeiter sortieren sorgf\u00e4ltig aus, trennen M\u00fcll von Wertgegenst\u00e4nden und entsorgen umweltgerecht.<\/p>\n<\/li>\n<li data-start=\"2721\" data-end=\"2933\">\n<p data-start=\"2723\" data-end=\"2933\"><strong data-start=\"2723\" data-end=\"2765\">Sperrm\u00fcllentsorgung und Wertanrechnung<\/strong><br data-start=\"2765\" data-end=\"2768\" \/>Wir k\u00fcmmern uns um die ordnungsgem\u00e4\u00dfe Entsorgung von Sperrm\u00fcll und Altlasten. Wertgegenst\u00e4nde werden auf Wunsch <strong data-start=\"2882\" data-end=\"2897\">angerechnet<\/strong>, was die Gesamtkosten senken kann.<\/p>\n<\/li>\n<li data-start=\"2935\" data-end=\"3155\">\n<p data-start=\"2937\" data-end=\"3155\"><strong data-start=\"2937\" data-end=\"2980\">Umweltgerechte Entsorgung und Recycling<\/strong><br data-start=\"2980\" data-end=\"2983\" \/>Nachhaltigkeit und Umweltschutz liegen uns am Herzen. Wir entsorgen alle Gegenst\u00e4nde umweltgerecht und f\u00fchren wiederverwertbare Materialien dem <strong data-start=\"3129\" data-end=\"3151\">Recyclingkreislauf<\/strong> zu.<\/p>\n<\/li>\n<li data-start=\"3157\" data-end=\"3541\">\n<p data-start=\"3159\" data-end=\"3541\"><strong data-start=\"3159\" data-end=\"3198\">Spezialauftr\u00e4ge und Komplettservice<\/strong><br data-start=\"3198\" data-end=\"3201\" \/>Bei besonders anspruchsvollen Aufgaben wie der <strong data-start=\"3250\" data-end=\"3287\">Entr\u00fcmpelung von Messie-Wohnungen<\/strong> oder der <strong data-start=\"3297\" data-end=\"3330\">R\u00e4umung von Problemimmobilien<\/strong> stehen wir Ihnen mit Fachwissen und Diskretion zur Seite. Unser <strong data-start=\"3395\" data-end=\"3414\">Komplettservice<\/strong> umfasst auf Wunsch auch <strong data-start=\"3439\" data-end=\"3463\">Renovierungsarbeiten<\/strong> und die Vorbereitung zur <strong data-start=\"3489\" data-end=\"3509\">Wiedervermietung<\/strong> oder <strong data-start=\"3515\" data-end=\"3526\">Verkauf<\/strong> der Immobilie.<\/p>\n<\/li>\n<\/ul>\n<hr data-start=\"3543\" data-end=\"3546\" \/>\n<h3 data-start=\"3548\" data-end=\"3606\"><strong data-start=\"3552\" data-end=\"3606\">Warum M.D.T f\u00fcr Entr\u00fcmpelung &amp; Haushaltsaufl\u00f6sung?<\/strong><\/h3>\n<ul data-start=\"3607\" data-end=\"4066\">\n<li data-start=\"3607\" data-end=\"3748\"><strong data-start=\"3609\" data-end=\"3640\">Diskretion und Sensibilit\u00e4t<\/strong>: Unser Team ist auf den respektvollen Umgang mit pers\u00f6nlichen Gegenst\u00e4nden und Erinnerungsst\u00fccken geschult.<\/li>\n<li data-start=\"3749\" data-end=\"3872\"><strong data-start=\"3751\" data-end=\"3782\">Schnelligkeit und Effizienz<\/strong>: Wir arbeiten z\u00fcgig und strukturiert, um Ihnen schnell wieder nutzbaren Raum zu schaffen.<\/li>\n<li data-start=\"3873\" data-end=\"3955\"><strong data-start=\"3875\" data-end=\"3898\">Transparente Preise<\/strong>: Keine versteckten Kosten \u2013 klare und faire Kalkulation.<\/li>\n<li data-start=\"3956\" data-end=\"4066\"><strong data-start=\"3958\" data-end=\"3992\">Komplettservice aus einer Hand<\/strong>: Von der Planung bis zur besenreinen \u00dcbergabe \u2013 wir k\u00fcmmern uns um alles.<\/li>\n<\/ul>\n<p data-start=\"4068\" data-end=\"4239\"><strong data-start=\"4068\" data-end=\"4128\">Vertrauen Sie auf unsere Erfahrung und Professionalit\u00e4t.<\/strong> Wir \u00fcbernehmen die Verantwortung und entlasten Sie bei jedem Schritt der Entr\u00fcmpelung oder Haushaltsaufl\u00f6sung.<\/p>\n<hr data-start=\"4241\" data-end=\"4244\" \/>\n<h2 data-start=\"4246\" data-end=\"4292\"><strong data-start=\"4249\" data-end=\"4292\">Unsere weiteren Leistungen im \u00dcberblick<\/strong><\/h2>\n<h3 data-start=\"4294\" data-end=\"4347\"><strong data-start=\"4298\" data-end=\"4347\">Baureinigung \u2013 Sauberkeit auf jeder Baustelle<\/strong><\/h3>\n<p data-start=\"4348\" data-end=\"4405\">Wir \u00fcbernehmen die vollst\u00e4ndige Reinigung von Baustellen:<\/p>\n<ul data-start=\"4406\" data-end=\"4689\">\n<li data-start=\"4406\" data-end=\"4471\"><strong data-start=\"4408\" data-end=\"4428\">Baugrobreinigung<\/strong>: Entfernung von Bauschutt und Grobschmutz.<\/li>\n<li data-start=\"4472\" data-end=\"4549\"><strong data-start=\"4474\" data-end=\"4494\">Baufeinreinigung<\/strong>: Detaillierte S\u00e4uberung nach Abschluss aller Arbeiten.<\/li>\n<li data-start=\"4550\" data-end=\"4623\"><strong data-start=\"4552\" data-end=\"4571\">Bauendreinigung<\/strong>: Abschlussreinigung f\u00fcr die bezugsfertige \u00dcbergabe.<\/li>\n<li data-start=\"4624\" data-end=\"4689\"><strong data-start=\"4626\" data-end=\"4649\">Zwischenreinigungen<\/strong>: Sauberkeit w\u00e4hrend l\u00e4ngerer Bauphasen.<\/li>\n<\/ul>\n<hr data-start=\"4691\" data-end=\"4694\" \/>\n<h3 data-start=\"4696\" data-end=\"4765\"><strong data-start=\"4700\" data-end=\"4765\">Facilitymanagement \u2013 Ganzheitliche Betreuung Ihrer Immobilien<\/strong><\/h3>\n<ul data-start=\"4766\" data-end=\"5103\">\n<li data-start=\"4766\" data-end=\"4854\"><strong data-start=\"4768\" data-end=\"4802\">Technisches Facilitymanagement<\/strong>: Wartung von Heizungs-, L\u00fcftungs- und Klimaanlagen.<\/li>\n<li data-start=\"4855\" data-end=\"4937\"><strong data-start=\"4857\" data-end=\"4894\">Kaufm\u00e4nnisches Facilitymanagement<\/strong>: Kostenoptimierung und Vertragsmanagement.<\/li>\n<li data-start=\"4938\" data-end=\"5036\"><strong data-start=\"4940\" data-end=\"4981\">Infrastrukturelles Facilitymanagement<\/strong>: Reinigung, Sicherheit, Winterdienst und Gartenpflege.<\/li>\n<li data-start=\"5037\" data-end=\"5103\"><strong data-start=\"5039\" data-end=\"5060\">Energiemanagement<\/strong>: Ressourcenschonung und Kostenreduzierung.<\/li>\n<\/ul>\n<hr data-start=\"5105\" data-end=\"5108\" \/>\n<h3 data-start=\"5110\" data-end=\"5171\"><strong data-start=\"5114\" data-end=\"5171\">Glasreinigung \u2013 Streifenfreier Glanz f\u00fcr Ihre Fenster<\/strong><\/h3>\n<ul data-start=\"5172\" data-end=\"5471\">\n<li data-start=\"5172\" data-end=\"5243\"><strong data-start=\"5174\" data-end=\"5210\">Fensterreinigung innen und au\u00dfen<\/strong>: Umweltfreundlich und effizient.<\/li>\n<li data-start=\"5244\" data-end=\"5306\"><strong data-start=\"5246\" data-end=\"5267\">Fassadenreinigung<\/strong>: F\u00fcr eine repr\u00e4sentative Au\u00dfenwirkung.<\/li>\n<li data-start=\"5307\" data-end=\"5382\"><strong data-start=\"5309\" data-end=\"5334\">Schaufensterreinigung<\/strong>: Perfekte Pr\u00e4sentation f\u00fcr Ihre Gesch\u00e4ftsr\u00e4ume.<\/li>\n<li data-start=\"5383\" data-end=\"5471\"><strong data-start=\"5385\" data-end=\"5433\">Glasfl\u00e4chen in schwer zug\u00e4nglichen Bereichen<\/strong>: Spezielle Klettertechnik bei Bedarf.<\/li>\n<\/ul>\n<hr data-start=\"5473\" data-end=\"5476\" \/>\n<h3 data-start=\"5478\" data-end=\"5539\"><strong data-start=\"5482\" data-end=\"5539\">Industriereinigung \u2013 Sauberkeit f\u00fcr h\u00f6chste Anspr\u00fcche<\/strong><\/h3>\n<ul data-start=\"5540\" data-end=\"5774\">\n<li data-start=\"5540\" data-end=\"5617\"><strong data-start=\"5542\" data-end=\"5577\">Maschinen- und Anlagenreinigung<\/strong>: Werterhaltung und Funktionssicherheit.<\/li>\n<li data-start=\"5618\" data-end=\"5699\"><strong data-start=\"5620\" data-end=\"5650\">Produktionshallenreinigung<\/strong>: Sauberkeit und Hygiene im industriellen Umfeld.<\/li>\n<li data-start=\"5700\" data-end=\"5774\"><strong data-start=\"5702\" data-end=\"5723\">Reinraumreinigung<\/strong>: Spezialisierte Reinigung nach strengen Standards.<\/li>\n<\/ul>\n<hr data-start=\"5776\" data-end=\"5779\" \/>\n<h3 data-start=\"5781\" data-end=\"5859\"><strong data-start=\"5785\" data-end=\"5859\">Graffitientfernung \u2013 Effektive Beseitigung unerw\u00fcnschter Schmierereien<\/strong><\/h3>\n<ul data-start=\"5860\" data-end=\"6050\">\n<li data-start=\"5860\" data-end=\"5910\"><strong data-start=\"5862\" data-end=\"5908\">Graffitientfernung ohne Oberfl\u00e4chensch\u00e4den<\/strong><\/li>\n<li data-start=\"5911\" data-end=\"5981\"><strong data-start=\"5913\" data-end=\"5935\">Schutzbeschichtung<\/strong>: Vorbeugung gegen zuk\u00fcnftige Verschmutzungen.<\/li>\n<li data-start=\"5982\" data-end=\"6050\"><strong data-start=\"5984\" data-end=\"6005\">Fassadenreinigung<\/strong>: Wiederherstellung der urspr\u00fcnglichen Optik.<\/li>\n<\/ul>\n<hr data-start=\"6052\" data-end=\"6055\" \/>\n<h2 data-start=\"6057\" data-end=\"6108\"><strong data-start=\"6060\" data-end=\"6108\">Unsere Einsatzgebiete \u2013 Regional f\u00fcr Sie da!<\/strong><\/h2>\n<p data-start=\"6109\" data-end=\"6166\">Wir sind in folgenden St\u00e4dten und Regionen f\u00fcr Sie t\u00e4tig:<\/p>\n<ul data-start=\"6167\" data-end=\"6572\">\n<li data-start=\"6167\" data-end=\"6572\"><strong data-start=\"6169\" data-end=\"6572\">Denkendorf, K\u00f6ngen, Deizisau, Altbach, Esslingen (Neckar), Wendlingen (Neckar), Ostfildern, Neuhausen (Fildern), Unterensingen, Plochingen, Wernau (Neckar), Aichwald, Oberboihingen, Wolfschlugen, Kernen (Remstal), Baltmannsweiler, Reichenbach (Fils), N\u00fcrtingen, Filderstadt, Hochdorf, Notzingen, Kirchheim (Teck), Aichtal, Lichtenwald, Neckartailfingen, Weinstadt, Fellbach, Leinfelden-Echterdingen.<\/strong><\/li>\n<\/ul>\n<p data-start=\"6574\" data-end=\"6710\">Dank unserer regionalen Pr\u00e4senz garantieren wir <strong data-start=\"6622\" data-end=\"6650\">schnelle Reaktionszeiten<\/strong>, <strong data-start=\"6652\" data-end=\"6674\">kurze Anfahrtswege<\/strong> und eine <strong data-start=\"6684\" data-end=\"6709\">pers\u00f6nliche Betreuung<\/strong>.<\/p>\n<hr data-start=\"6712\" data-end=\"6715\" \/>\n<h2 data-start=\"6717\" data-end=\"6751\"><strong data-start=\"6720\" data-end=\"6751\">Warum M.D.T Geb\u00e4udeservice?<\/strong><\/h2>\n<ul data-start=\"6752\" data-end=\"7069\">\n<li data-start=\"6752\" data-end=\"6832\"><strong data-start=\"6754\" data-end=\"6781\">Kompetenz und Erfahrung<\/strong>: Geschultes Fachpersonal und jahrelange Erfahrung.<\/li>\n<li data-start=\"6833\" data-end=\"6917\"><strong data-start=\"6835\" data-end=\"6867\">Qualit\u00e4t und Zuverl\u00e4ssigkeit<\/strong>: H\u00f6chste Standards und termingerechte Ausf\u00fchrung.<\/li>\n<li data-start=\"6918\" data-end=\"6981\"><strong data-start=\"6920\" data-end=\"6945\">Individuelle L\u00f6sungen<\/strong>: Ma\u00dfgeschneiderte Dienstleistungen.<\/li>\n<li data-start=\"6982\" data-end=\"7069\"><strong data-start=\"6984\" data-end=\"7022\">Umwelt- und Gesundheitsbewusstsein<\/strong>: Nachhaltige und schonende Reinigungsmethoden.<\/li>\n<\/ul>\n<p data-start=\"7071\" data-end=\"7300\" data-is-last-node=\"\" data-is-only-node=\"\"><strong data-start=\"7071\" data-end=\"7185\">Kontaktieren Sie uns noch heute f\u00fcr eine unverbindliche Beratung und \u00fcberzeugen Sie sich von unserer Qualit\u00e4t!<\/strong> Wir freuen uns darauf, Sie kennenzulernen und gemeinsam mit Ihnen eine saubere und gepflegte Umgebung zu schaffen.<\/p>\n","protected":false},"excerpt":{"rendered":"<p>Unsere Leistungen M.D.T Geb\u00e4udeservice \u2013 Ihr zuverl\u00e4ssiger Partner f\u00fcr umfassende Geb\u00e4udepflege, Facilitymanagement und professionelle Entr\u00fcmpelung &amp; Haushaltsaufl\u00f6sung Willkommen bei M.D.T Geb\u00e4udeservice \u2013 Ihrem kompetenten und zuverl\u00e4ssigen Partner f\u00fcr professionelle Geb\u00e4udereinigung, umfassendes Facilitymanagement und spezialisierte Dienstleistungen rund um Entr\u00fcmpelung und Haushaltsaufl\u00f6sung. Unser Ziel ist es, Ihnen mit ma\u00dfgeschneiderten L\u00f6sungen, modernster Technik und umweltfreundlichen Reinigungsmethoden h\u00f6chste Qualit\u00e4t&hellip;&nbsp;<a href=\"https:\/\/mdt-gebaeudeservice.de\/entruempelung\/leistungen\/\" rel=\"bookmark\">Mehr lesen &raquo;<span class=\"screen-reader-text\">Leistungen<\/span><\/a><\/p>\n","protected":false},"author":1,"featured_media":0,"parent":0,"menu_order":0,"comment_status":"closed","ping_status":"closed","template":"","meta":{"neve_meta_sidebar":"","neve_meta_container":"","neve_meta_enable_content_width":"off","neve_meta_content_width":100,"neve_meta_title_alignment":"","neve_meta_author_avatar":"","neve_post_elements_order":"","neve_meta_disable_header":"","neve_meta_disable_footer":"","neve_meta_disable_title":"","neve_meta_reading_time":"","footnotes":""},"class_list":["post-139","page","type-page","status-publish","hentry"],"aioseo_notices":[],"_links":{"self":[{"href":"https:\/\/mdt-gebaeudeservice.de\/entruempelung\/wp-json\/wp\/v2\/pages\/139","targetHints":{"allow":["GET"]}}],"collection":[{"href":"https:\/\/mdt-gebaeudeservice.de\/entruempelung\/wp-json\/wp\/v2\/pages"}],"about":[{"href":"https:\/\/mdt-gebaeudeservice.de\/entruempelung\/wp-json\/wp\/v2\/types\/page"}],"author":[{"embeddable":true,"href":"https:\/\/mdt-gebaeudeservice.de\/entruempelung\/wp-json\/wp\/v2\/users\/1"}],"replies":[{"embeddable":true,"href":"https:\/\/mdt-gebaeudeservice.de\/entruempelung\/wp-json\/wp\/v2\/comments?post=139"}],"version-history":[{"count":1,"href":"https:\/\/mdt-gebaeudeservice.de\/entruempelung\/wp-json\/wp\/v2\/pages\/139\/revisions"}],"predecessor-version":[{"id":140,"href":"https:\/\/mdt-gebaeudeservice.de\/entruempelung\/wp-json\/wp\/v2\/pages\/139\/revisions\/140"}],"wp:attachment":[{"href":"https:\/\/mdt-gebaeudeservice.de\/entruempelung\/wp-json\/wp\/v2\/media?parent=139"}],"curies":[{"name":"wp","href":"https:\/\/api.w.org\/{rel}","templated":true}]}}